{"id":103535,"date":"2025-10-29T09:43:31","date_gmt":"2025-10-29T08:43:31","guid":{"rendered":"https:\/\/momem.org\/?page_id=103535"},"modified":"2026-03-31T01:19:22","modified_gmt":"2026-03-30T23:19:22","slug":"ausstellungen","status":"publish","type":"page","link":"https:\/\/momem.org\/en\/ausstellungen\/","title":{"rendered":"Exhibitions"},"content":{"rendered":"<div data-elementor-type=\"wp-page\" data-elementor-id=\"103535\" class=\"elementor elementor-103535\" data-elementor-post-type=\"page\">\n\t\t\t\t\t\t<section class=\"elementor-section elementor-top-section elementor-element elementor-element-fe50724 elementor-reverse-mobile elementor-section-boxed elementor-section-height-default elementor-section-height-default\" data-id=\"fe50724\" data-element_type=\"section\" data-e-type=\"section\">\n\t\t\t\t\t\t<div class=\"elementor-container elementor-column-gap-default\">\n\t\t\t\t\t<div class=\"elementor-column elementor-col-100 elementor-top-column elementor-element elementor-element-1553d46\" data-id=\"1553d46\" data-element_type=\"column\" data-e-type=\"column\">\n\t\t\t<div class=\"elementor-widget-wrap elementor-element-populated\">\n\t\t\t\t\t\t<div class=\"elementor-element elementor-element-346cfff elementor-widget elementor-widget-heading\" data-id=\"346cfff\" data-element_type=\"widget\" data-e-type=\"widget\" data-widget_type=\"heading.default\">\n\t\t\t\t<div class=\"elementor-widget-container\">\n\t\t\t\t\t<h1 class=\"elementor-heading-title elementor-size-default\">Current special exhibitions<\/h1>\t\t\t\t<\/div>\n\t\t\t\t<\/div>\n\t\t\t\t<section class=\"elementor-section elementor-inner-section elementor-element elementor-element-cd06a6a elementor-section-boxed elementor-section-height-default elementor-section-height-default\" data-id=\"cd06a6a\" data-element_type=\"section\" data-e-type=\"section\">\n\t\t\t\t\t\t<div class=\"elementor-container elementor-column-gap-default\">\n\t\t\t\t\t<div class=\"elementor-column elementor-col-50 elementor-inner-column elementor-element elementor-element-60cad4f\" data-id=\"60cad4f\" data-element_type=\"column\" data-e-type=\"column\">\n\t\t\t<div class=\"elementor-widget-wrap elementor-element-populated\">\n\t\t\t\t\t\t<div class=\"elementor-element elementor-element-7fbe6d9 elementor-widget elementor-widget-heading\" data-id=\"7fbe6d9\" data-element_type=\"widget\" data-e-type=\"widget\" data-widget_type=\"heading.default\">\n\t\t\t\t<div class=\"elementor-widget-container\">\n\t\t\t\t\t<h1 class=\"elementor-heading-title elementor-size-xl\">Nightshift Berlin<\/h1>\t\t\t\t<\/div>\n\t\t\t\t<\/div>\n\t\t\t\t<div class=\"elementor-element elementor-element-3e26f09 elementor-widget elementor-widget-heading\" data-id=\"3e26f09\" data-element_type=\"widget\" data-e-type=\"widget\" data-widget_type=\"heading.default\">\n\t\t\t\t<div class=\"elementor-widget-container\">\n\t\t\t\t\t<h1 class=\"elementor-heading-title elementor-size-default\">08.02.2026 - 22.02.2026<\/h1>\t\t\t\t<\/div>\n\t\t\t\t<\/div>\n\t\t\t\t<div class=\"elementor-element elementor-element-e607f7f elementor-widget__width-initial elementor-widget elementor-widget-text-editor\" data-id=\"e607f7f\" data-element_type=\"widget\" data-e-type=\"widget\" data-widget_type=\"text-editor.default\">\n\t\t\t\t<div class=\"elementor-widget-container\">\n\t\t\t\t\t\t\t\t\t<p>The exhibition NIGHTSHIFT BERLIN presents more than 100 photographs by Benita Suchodrev from the past two decades. It documents the fleeting moments, the unmistakable characters and the intense moods that make up the soul of an almost bygone era.\u00a0<\/p><p><a href=\"https:\/\/momem.org\/en\/night-shit-berlin\/\" target=\"_blank\" rel=\"noopener\">https:\/\/momem.org\/night-shit-berlin<\/a><\/p>\t\t\t\t\t\t\t\t<\/div>\n\t\t\t\t<\/div>\n\t\t\t\t\t<\/div>\n\t\t<\/div>\n\t\t\t\t<div class=\"elementor-column elementor-col-50 elementor-inner-column elementor-element elementor-element-2e0c919\" data-id=\"2e0c919\" data-element_type=\"column\" data-e-type=\"column\">\n\t\t\t<div class=\"elementor-widget-wrap elementor-element-populated\">\n\t\t\t\t\t\t<div class=\"elementor-element elementor-element-cedcfc1 elementor-widget elementor-widget-image\" data-id=\"cedcfc1\" data-element_type=\"widget\" data-e-type=\"widget\" data-widget_type=\"image.default\">\n\t\t\t\t<div class=\"elementor-widget-container\">\n\t\t\t\t\t\t\t\t\t\t\t\t\t\t\t<img fetchpriority=\"high\" decoding=\"async\" width=\"1024\" height=\"1024\" src=\"https:\/\/momem.org\/wp-content\/uploads\/2026\/02\/IMG-20260204-WA0002-1024x1024.jpg\" class=\"attachment-large size-large wp-image-113564\" alt=\"\" srcset=\"https:\/\/momem.org\/wp-content\/uploads\/2026\/02\/IMG-20260204-WA0002-1024x1024.jpg 1024w, https:\/\/momem.org\/wp-content\/uploads\/2026\/02\/IMG-20260204-WA0002-300x300.jpg 300w, https:\/\/momem.org\/wp-content\/uploads\/2026\/02\/IMG-20260204-WA0002-150x150.jpg 150w, https:\/\/momem.org\/wp-content\/uploads\/2026\/02\/IMG-20260204-WA0002-768x768.jpg 768w, https:\/\/momem.org\/wp-content\/uploads\/2026\/02\/IMG-20260204-WA0002-12x12.jpg 12w, https:\/\/momem.org\/wp-content\/uploads\/2026\/02\/IMG-20260204-WA0002-600x600.jpg 600w, https:\/\/momem.org\/wp-content\/uploads\/2026\/02\/IMG-20260204-WA0002-100x100.jpg 100w, https:\/\/momem.org\/wp-content\/uploads\/2026\/02\/IMG-20260204-WA0002.jpg 1080w\" sizes=\"(max-width: 1024px) 100vw, 1024px\" \/>\t\t\t\t\t\t\t\t\t\t\t\t\t\t\t<\/div>\n\t\t\t\t<\/div>\n\t\t\t\t\t<\/div>\n\t\t<\/div>\n\t\t\t\t\t<\/div>\n\t\t<\/section>\n\t\t\t\t<section class=\"elementor-section elementor-inner-section elementor-element elementor-element-81be1bb elementor-section-boxed elementor-section-height-default elementor-section-height-default\" data-id=\"81be1bb\" data-element_type=\"section\" data-e-type=\"section\">\n\t\t\t\t\t\t<div class=\"elementor-container elementor-column-gap-default\">\n\t\t\t\t\t<div class=\"elementor-column elementor-col-50 elementor-inner-column elementor-element elementor-element-8259e6f\" data-id=\"8259e6f\" data-element_type=\"column\" data-e-type=\"column\">\n\t\t\t<div class=\"elementor-widget-wrap elementor-element-populated\">\n\t\t\t\t\t\t<div class=\"elementor-element elementor-element-28240cd elementor-widget elementor-widget-heading\" data-id=\"28240cd\" data-element_type=\"widget\" data-e-type=\"widget\" data-widget_type=\"heading.default\">\n\t\t\t\t<div class=\"elementor-widget-container\">\n\t\t\t\t\t<h1 class=\"elementor-heading-title elementor-size-xl\">Omen Club Frankfurt 1988-1998<br>New Electronic Ecstasy<\/h1>\t\t\t\t<\/div>\n\t\t\t\t<\/div>\n\t\t\t\t<div class=\"elementor-element elementor-element-2d1454e elementor-widget elementor-widget-heading\" data-id=\"2d1454e\" data-element_type=\"widget\" data-e-type=\"widget\" data-widget_type=\"heading.default\">\n\t\t\t\t<div class=\"elementor-widget-container\">\n\t\t\t\t\t<h1 class=\"elementor-heading-title elementor-size-default\">19.11.2025 - 28.06.2026<\/h1>\t\t\t\t<\/div>\n\t\t\t\t<\/div>\n\t\t\t\t<div class=\"elementor-element elementor-element-df42cd4 elementor-widget__width-initial elementor-widget elementor-widget-text-editor\" data-id=\"df42cd4\" data-element_type=\"widget\" data-e-type=\"widget\" data-widget_type=\"text-editor.default\">\n\t\t\t\t<div class=\"elementor-widget-container\">\n\t\t\t\t\t\t\t\t\t<p>Between 1988 and 1998, electronic music and club history was written in the legendary OMEN in Frankfurt's Junghofstra\u00dfe by Sven V\u00e4th, Matthias Martinsohn and Michael M\u00fcnzing. OMEN was one of the first clubs in the world to concentrate exclusively on electronic music since 1989, driven by Sven V\u00e4th.\u00a0<\/p><p><a href=\"https:\/\/momem.org\/en\/omen-omen-club-frankfurt-1988-1998-new-electronic-ecstasy\/\" target=\"_blank\" rel=\"noopener\">https:\/\/momem.org\/omen-omen-club-frankfurt-1988-1998-new-electronic-ecstasy\/<\/a><\/p>\t\t\t\t\t\t\t\t<\/div>\n\t\t\t\t<\/div>\n\t\t\t\t\t<\/div>\n\t\t<\/div>\n\t\t\t\t<div class=\"elementor-column elementor-col-50 elementor-inner-column elementor-element elementor-element-8f1eef8\" data-id=\"8f1eef8\" data-element_type=\"column\" data-e-type=\"column\">\n\t\t\t<div class=\"elementor-widget-wrap elementor-element-populated\">\n\t\t\t\t\t\t<div class=\"elementor-element elementor-element-0dfb1ee elementor-widget elementor-widget-image\" data-id=\"0dfb1ee\" data-element_type=\"widget\" data-e-type=\"widget\" data-widget_type=\"image.default\">\n\t\t\t\t<div class=\"elementor-widget-container\">\n\t\t\t\t\t\t\t\t\t\t\t\t\t\t\t<img decoding=\"async\" width=\"700\" height=\"700\" src=\"https:\/\/momem.org\/wp-content\/uploads\/2026\/03\/Ticket_Artwork-_Omen_Ausstellung-Verla\u0308ngerung-.jpg\" class=\"attachment-large size-large wp-image-118391\" alt=\"\" srcset=\"https:\/\/momem.org\/wp-content\/uploads\/2026\/03\/Ticket_Artwork-_Omen_Ausstellung-Verla\u0308ngerung-.jpg 700w, https:\/\/momem.org\/wp-content\/uploads\/2026\/03\/Ticket_Artwork-_Omen_Ausstellung-Verla\u0308ngerung--300x300.jpg 300w, https:\/\/momem.org\/wp-content\/uploads\/2026\/03\/Ticket_Artwork-_Omen_Ausstellung-Verla\u0308ngerung--150x150.jpg 150w, https:\/\/momem.org\/wp-content\/uploads\/2026\/03\/Ticket_Artwork-_Omen_Ausstellung-Verla\u0308ngerung--12x12.jpg 12w, https:\/\/momem.org\/wp-content\/uploads\/2026\/03\/Ticket_Artwork-_Omen_Ausstellung-Verla\u0308ngerung--600x600.jpg 600w, https:\/\/momem.org\/wp-content\/uploads\/2026\/03\/Ticket_Artwork-_Omen_Ausstellung-Verla\u0308ngerung--100x100.jpg 100w\" sizes=\"(max-width: 700px) 100vw, 700px\" \/>\t\t\t\t\t\t\t\t\t\t\t\t\t\t\t<\/div>\n\t\t\t\t<\/div>\n\t\t\t\t\t<\/div>\n\t\t<\/div>\n\t\t\t\t\t<\/div>\n\t\t<\/section>\n\t\t\t\t<div class=\"elementor-element elementor-element-e739b10 elementor-widget elementor-widget-heading\" data-id=\"e739b10\" data-element_type=\"widget\" data-e-type=\"widget\" data-widget_type=\"heading.default\">\n\t\t\t\t<div class=\"elementor-widget-container\">\n\t\t\t\t\t<h1 class=\"elementor-heading-title elementor-size-default\">Permanent exhibition<\/h1>\t\t\t\t<\/div>\n\t\t\t\t<\/div>\n\t\t\t\t<section class=\"elementor-section elementor-inner-section elementor-element elementor-element-b63870b elementor-section-boxed elementor-section-height-default elementor-section-height-default\" data-id=\"b63870b\" data-element_type=\"section\" data-e-type=\"section\">\n\t\t\t\t\t\t<div class=\"elementor-container elementor-column-gap-default\">\n\t\t\t\t\t<div class=\"elementor-column elementor-col-50 elementor-inner-column elementor-element elementor-element-dde83ad\" data-id=\"dde83ad\" data-element_type=\"column\" data-e-type=\"column\">\n\t\t\t<div class=\"elementor-widget-wrap elementor-element-populated\">\n\t\t\t\t\t\t<div class=\"elementor-element elementor-element-891f337 elementor-widget elementor-widget-heading\" data-id=\"891f337\" data-element_type=\"widget\" data-e-type=\"widget\" data-widget_type=\"heading.default\">\n\t\t\t\t<div class=\"elementor-widget-container\">\n\t\t\t\t\t<h1 class=\"elementor-heading-title elementor-size-xl\">Milestones<br>Favourite clubtracks 1985-2020<\/h1>\t\t\t\t<\/div>\n\t\t\t\t<\/div>\n\t\t\t\t<div class=\"elementor-element elementor-element-ae9324c elementor-widget__width-initial elementor-widget elementor-widget-text-editor\" data-id=\"ae9324c\" data-element_type=\"widget\" data-e-type=\"widget\" data-widget_type=\"text-editor.default\">\n\t\t\t\t<div class=\"elementor-widget-container\">\n\t\t\t\t\t\t\t\t\t<p>It's all about the most important tracks in electronic music since 1985 that have made people dance. We invited more than 50 DJs from over 20 nations on 6 continents to submit their top 20 favourite electronic music tracks. These personal TOP 20 of the participating DJs resulted in the \u201cMILESTONES - Favourite Club Tracks 1985 - 2020.\u201d<\/p><p><br \/>h<a href=\"https:\/\/momem.org\/en\/milestones-favorite-clubtracks-1985-2020\/\" target=\"_blank\" rel=\"noopener\">ttps:\/\/momem.org\/milestones-favorite-clubtracks-1985-2020\/<\/a><\/p>\t\t\t\t\t\t\t\t<\/div>\n\t\t\t\t<\/div>\n\t\t\t\t\t<\/div>\n\t\t<\/div>\n\t\t\t\t<div class=\"elementor-column elementor-col-50 elementor-inner-column elementor-element elementor-element-07285b7\" data-id=\"07285b7\" data-element_type=\"column\" data-e-type=\"column\">\n\t\t\t<div class=\"elementor-widget-wrap elementor-element-populated\">\n\t\t\t\t\t\t<div class=\"elementor-element elementor-element-ff2df27 elementor-widget elementor-widget-image\" data-id=\"ff2df27\" data-element_type=\"widget\" data-e-type=\"widget\" data-widget_type=\"image.default\">\n\t\t\t\t<div class=\"elementor-widget-container\">\n\t\t\t\t\t\t\t\t\t\t\t\t\t\t\t<img decoding=\"async\" width=\"596\" height=\"596\" src=\"https:\/\/momem.org\/wp-content\/uploads\/2022\/07\/momem_poster_entwurf_milestones_ticket_neu.jpg\" class=\"attachment-large size-large wp-image-33206\" alt=\"\" srcset=\"https:\/\/momem.org\/wp-content\/uploads\/2022\/07\/momem_poster_entwurf_milestones_ticket_neu.jpg 596w, https:\/\/momem.org\/wp-content\/uploads\/2022\/07\/momem_poster_entwurf_milestones_ticket_neu-300x300.jpg 300w, https:\/\/momem.org\/wp-content\/uploads\/2022\/07\/momem_poster_entwurf_milestones_ticket_neu-150x150.jpg 150w, https:\/\/momem.org\/wp-content\/uploads\/2022\/07\/momem_poster_entwurf_milestones_ticket_neu-12x12.jpg 12w, https:\/\/momem.org\/wp-content\/uploads\/2022\/07\/momem_poster_entwurf_milestones_ticket_neu-100x100.jpg 100w\" sizes=\"(max-width: 596px) 100vw, 596px\" \/>\t\t\t\t\t\t\t\t\t\t\t\t\t\t\t<\/div>\n\t\t\t\t<\/div>\n\t\t\t\t\t<\/div>\n\t\t<\/div>\n\t\t\t\t\t<\/div>\n\t\t<\/section>\n\t\t\t\t<div class=\"elementor-element elementor-element-dda5c95 elementor-mobile-align-center elementor-widget elementor-widget-button\" data-id=\"dda5c95\" data-element_type=\"widget\" data-e-type=\"widget\" data-widget_type=\"button.default\">\n\t\t\t\t<div class=\"elementor-widget-container\">\n\t\t\t\t\t\t\t\t\t<div class=\"elementor-button-wrapper\">\n\t\t\t\t\t<a class=\"elementor-button elementor-button-link elementor-size-xl\" href=\"\/en\/tickets\/\">\n\t\t\t\t\t\t<span class=\"elementor-button-content-wrapper\">\n\t\t\t\t\t\t\t\t\t<span class=\"elementor-button-text\">GET YOUR TICKETS!<\/span>\n\t\t\t\t\t<\/span>\n\t\t\t\t\t<\/a>\n\t\t\t\t<\/div>\n\t\t\t\t\t\t\t\t<\/div>\n\t\t\t\t<\/div>\n\t\t\t\t\t<\/div>\n\t\t<\/div>\n\t\t\t\t\t<\/div>\n\t\t<\/section>\n\t\t\t\t<section class=\"elementor-section elementor-top-section elementor-element elementor-element-b7ce85a elementor-section-boxed elementor-section-height-default elementor-section-height-default\" data-id=\"b7ce85a\" data-element_type=\"section\" data-e-type=\"section\">\n\t\t\t\t\t\t<div class=\"elementor-container elementor-column-gap-default\">\n\t\t\t\t\t<div class=\"elementor-column elementor-col-100 elementor-top-column elementor-element elementor-element-63aa362\" data-id=\"63aa362\" data-element_type=\"column\" data-e-type=\"column\">\n\t\t\t<div class=\"elementor-widget-wrap\">\n\t\t\t\t\t\t\t<\/div>\n\t\t<\/div>\n\t\t\t\t\t<\/div>\n\t\t<\/section>\n\t\t\t\t<\/div>","protected":false},"excerpt":{"rendered":"<p>Aktuelle Sonderausstellungen Nightshift Berlin 08.02.2026 &#8211; 22.02.2026 Die Ausstellung NIGHTSHIFT BERLIN pr\u00e4sentiert mehr als 100 Fotografien von Benita Suchodrev aus den vergangenen zwei Jahrzehnten. Sie dokumentiert die verg\u00e4nglichen Momente, die unverwechselbaren Charaktere und die intensiven Stimmungen, die die Seele einer beinahe vergangenen \u00c4ra ausmachen.\u00a0 https:\/\/momem.org\/night-shit-berlin Omen Club Frankfurt 1988-1998New Electronic Ecstasy 19.11.2025 &#8211; 28.06.2026 In&hellip;&nbsp;<a href=\"https:\/\/momem.org\/en\/ausstellungen\/\" rel=\"bookmark\">Read More \"<span class=\"screen-reader-text\">Exhibitions<\/span><\/a><\/p>","protected":false},"author":6,"featured_media":0,"parent":0,"menu_order":0,"comment_status":"closed","ping_status":"closed","template":"elementor_header_footer","meta":{"neve_meta_sidebar":"full-width","neve_meta_container":"default","neve_meta_enable_content_width":"on","neve_meta_content_width":100,"neve_meta_title_alignment":"left","neve_meta_author_avatar":"","neve_post_elements_order":"","neve_meta_disable_header":"off","neve_meta_disable_footer":"","neve_meta_disable_title":"on","footnotes":""},"class_list":["post-103535","page","type-page","status-publish","hentry"],"aioseo_notices":[],"_links":{"self":[{"href":"https:\/\/momem.org\/en\/wp-json\/wp\/v2\/pages\/103535","targetHints":{"allow":["GET"]}}],"collection":[{"href":"https:\/\/momem.org\/en\/wp-json\/wp\/v2\/pages"}],"about":[{"href":"https:\/\/momem.org\/en\/wp-json\/wp\/v2\/types\/page"}],"author":[{"embeddable":true,"href":"https:\/\/momem.org\/en\/wp-json\/wp\/v2\/users\/6"}],"replies":[{"embeddable":true,"href":"https:\/\/momem.org\/en\/wp-json\/wp\/v2\/comments?post=103535"}],"version-history":[{"count":107,"href":"https:\/\/momem.org\/en\/wp-json\/wp\/v2\/pages\/103535\/revisions"}],"predecessor-version":[{"id":118394,"href":"https:\/\/momem.org\/en\/wp-json\/wp\/v2\/pages\/103535\/revisions\/118394"}],"wp:attachment":[{"href":"https:\/\/momem.org\/en\/wp-json\/wp\/v2\/media?parent=103535"}],"curies":[{"name":"wp","href":"https:\/\/api.w.org\/{rel}","templated":true}]}}