{"id":111456,"date":"2026-01-17T19:17:48","date_gmt":"2026-01-17T18:17:48","guid":{"rendered":"https:\/\/momem.org\/?page_id=111456"},"modified":"2026-01-17T19:36:21","modified_gmt":"2026-01-17T18:36:21","slug":"femc-samstag","status":"publish","type":"page","link":"https:\/\/momem.org\/en\/femc-samstag\/","title":{"rendered":"FEMC &#8211; Samstag"},"content":{"rendered":"<div data-elementor-type=\"wp-page\" data-elementor-id=\"111456\" class=\"elementor elementor-111456\" data-elementor-post-type=\"page\">\n\t\t\t\t\t\t<section class=\"elementor-section elementor-top-section elementor-element elementor-element-fe50724 elementor-reverse-mobile elementor-section-boxed elementor-section-height-default elementor-section-height-default\" data-id=\"fe50724\" data-element_type=\"section\" data-e-type=\"section\">\n\t\t\t\t\t\t<div class=\"elementor-container elementor-column-gap-default\">\n\t\t\t\t\t<div class=\"elementor-column elementor-col-100 elementor-top-column elementor-element elementor-element-1553d46\" data-id=\"1553d46\" data-element_type=\"column\" data-e-type=\"column\">\n\t\t\t<div class=\"elementor-widget-wrap elementor-element-populated\">\n\t\t\t\t\t\t<div class=\"elementor-element elementor-element-346cfff elementor-widget elementor-widget-heading\" data-id=\"346cfff\" data-element_type=\"widget\" data-e-type=\"widget\" data-widget_type=\"heading.default\">\n\t\t\t\t<div class=\"elementor-widget-container\">\n\t\t\t\t\t<h1 class=\"elementor-heading-title elementor-size-default\">07.02.2026<\/h1>\t\t\t\t<\/div>\n\t\t\t\t<\/div>\n\t\t\t\t<div class=\"elementor-element elementor-element-7fbe6d9 elementor-widget elementor-widget-heading\" data-id=\"7fbe6d9\" data-element_type=\"widget\" data-e-type=\"widget\" data-widget_type=\"heading.default\">\n\t\t\t\t<div class=\"elementor-widget-container\">\n\t\t\t\t\t<h1 class=\"elementor-heading-title elementor-size-xl\">Programme<\/h1>\t\t\t\t<\/div>\n\t\t\t\t<\/div>\n\t\t\t\t<section class=\"elementor-section elementor-inner-section elementor-element elementor-element-cd06a6a elementor-section-boxed elementor-section-height-default elementor-section-height-default\" data-id=\"cd06a6a\" data-element_type=\"section\" data-e-type=\"section\">\n\t\t\t\t\t\t<div class=\"elementor-container elementor-column-gap-default\">\n\t\t\t\t\t<div class=\"elementor-column elementor-col-50 elementor-inner-column elementor-element elementor-element-60cad4f\" data-id=\"60cad4f\" data-element_type=\"column\" data-e-type=\"column\">\n\t\t\t<div class=\"elementor-widget-wrap elementor-element-populated\">\n\t\t\t\t\t\t<div class=\"elementor-element elementor-element-4afb0cd elementor-widget__width-initial elementor-widget elementor-widget-text-editor\" data-id=\"4afb0cd\" data-element_type=\"widget\" data-e-type=\"widget\" data-widget_type=\"text-editor.default\">\n\t\t\t\t<div class=\"elementor-widget-container\">\n\t\t\t\t\t\t\t\t\t<h3><b><em>11:00-13:00<br \/><\/em><\/b><b><em>Tanja Godlewsky\u00a0<br \/><\/em>Breaking the Ideal #2 - Visual Strategies Beyond the Image<br \/><\/b><\/h3><p>How do visual identities emerge that not only show musicians, but also protect, strengthen and position them - especially with regard to gender, expression and belonging?<br \/>In this workshop, we develop holistic approaches for gender-sensitive design: from colour and typography concepts to visual languages and social media strategies.<br \/>What does it mean to think of visual identity as a means of self-empowerment - not as a stylish label, but as an expression of attitude, care and difference?<br \/>In the spirit of the day's motto <i>Music is Medicine<\/i> this is also about visual healing: What spaces do we create through design? Which body images do we avoid - and which do we consciously show?<\/p><p><em> Ticket:<a href=\"https:\/\/momem.org\/en\/product\/visualstrategies-07-02-2026-1100-1300\/\"> https:\/\/momem.org\/produkt\/visualstrategies-07-02-2026-1100-1300\/<\/a><\/em><\/p>\t\t\t\t\t\t\t\t<\/div>\n\t\t\t\t<\/div>\n\t\t\t\t\t<\/div>\n\t\t<\/div>\n\t\t\t\t<div class=\"elementor-column elementor-col-50 elementor-inner-column elementor-element elementor-element-2e0c919\" data-id=\"2e0c919\" data-element_type=\"column\" data-e-type=\"column\">\n\t\t\t<div class=\"elementor-widget-wrap elementor-element-populated\">\n\t\t\t\t\t\t<div class=\"elementor-element elementor-element-cedcfc1 elementor-widget elementor-widget-image\" data-id=\"cedcfc1\" data-element_type=\"widget\" data-e-type=\"widget\" data-widget_type=\"image.default\">\n\t\t\t\t<div class=\"elementor-widget-container\">\n\t\t\t\t\t\t\t\t\t\t\t\t\t\t\t<img fetchpriority=\"high\" decoding=\"async\" width=\"700\" height=\"700\" src=\"https:\/\/momem.org\/wp-content\/uploads\/2025\/10\/TanjaGodlewsky.png\" class=\"attachment-large size-large wp-image-103616\" alt=\"\" srcset=\"https:\/\/momem.org\/wp-content\/uploads\/2025\/10\/TanjaGodlewsky.png 700w, https:\/\/momem.org\/wp-content\/uploads\/2025\/10\/TanjaGodlewsky-300x300.png 300w, https:\/\/momem.org\/wp-content\/uploads\/2025\/10\/TanjaGodlewsky-150x150.png 150w, https:\/\/momem.org\/wp-content\/uploads\/2025\/10\/TanjaGodlewsky-12x12.png 12w, https:\/\/momem.org\/wp-content\/uploads\/2025\/10\/TanjaGodlewsky-600x600.png 600w, https:\/\/momem.org\/wp-content\/uploads\/2025\/10\/TanjaGodlewsky-100x100.png 100w\" sizes=\"(max-width: 700px) 100vw, 700px\" \/>\t\t\t\t\t\t\t\t\t\t\t\t\t\t\t<\/div>\n\t\t\t\t<\/div>\n\t\t\t\t\t<\/div>\n\t\t<\/div>\n\t\t\t\t\t<\/div>\n\t\t<\/section>\n\t\t\t\t<section class=\"elementor-section elementor-inner-section elementor-element elementor-element-6dcd8e4 elementor-section-boxed elementor-section-height-default elementor-section-height-default\" data-id=\"6dcd8e4\" data-element_type=\"section\" data-e-type=\"section\">\n\t\t\t\t\t\t<div class=\"elementor-container elementor-column-gap-default\">\n\t\t\t\t\t<div class=\"elementor-column elementor-col-50 elementor-inner-column elementor-element elementor-element-865491f\" data-id=\"865491f\" data-element_type=\"column\" data-e-type=\"column\">\n\t\t\t<div class=\"elementor-widget-wrap elementor-element-populated\">\n\t\t\t\t\t\t<div class=\"elementor-element elementor-element-de1ef29 elementor-widget__width-initial elementor-widget elementor-widget-text-editor\" data-id=\"de1ef29\" data-element_type=\"widget\" data-e-type=\"widget\" data-widget_type=\"text-editor.default\">\n\t\t\t\t<div class=\"elementor-widget-container\">\n\t\t\t\t\t\t\t\t\t<h3><b><em>11:00-13:00<br \/><\/em><\/b><b><em>Julia Labonte-Stoy<br \/><\/em>Inner Rhythm, Outer Success - Equalise Your Art &amp; Life in Electronic Music<br \/><\/b><\/h3><p>In this workshop, you will learn how to find your inner rhythm as a FLINTA* person in the electronic music scene and harmonise it with external success. We combine creative flow techniques, mental health strategies and business impulses so that you can work artistically freely, strengthen yourself mentally and physically and act economically sustainably. Content focus:<\/p><ul><li aria-level=\"1\">Creative strategies to shape and consolidate artistic &amp; personal identity<\/li><li aria-level=\"1\">Mental health tools &amp; exercises for resilience, inner stability, energy &amp; focus<\/li><li aria-level=\"1\">Mindset work for self-confidence and artistic clarity<\/li><li aria-level=\"1\">Business basics for sustainable success in the music industry<br \/><br \/><\/li><\/ul><p><em> Ticket: <a href=\"https:\/\/momem.org\/en\/product\/equalize-07-02-2026-1100-1300\/\">https:\/\/momem.org\/produkt\/equalize-07-02-2026-1100-1300\/<\/a><\/em><\/p>\t\t\t\t\t\t\t\t<\/div>\n\t\t\t\t<\/div>\n\t\t\t\t\t<\/div>\n\t\t<\/div>\n\t\t\t\t<div class=\"elementor-column elementor-col-50 elementor-inner-column elementor-element elementor-element-5c483ae\" data-id=\"5c483ae\" data-element_type=\"column\" data-e-type=\"column\">\n\t\t\t<div class=\"elementor-widget-wrap elementor-element-populated\">\n\t\t\t\t\t\t<div class=\"elementor-element elementor-element-38c3c7c elementor-widget elementor-widget-image\" data-id=\"38c3c7c\" data-element_type=\"widget\" data-e-type=\"widget\" data-widget_type=\"image.default\">\n\t\t\t\t<div class=\"elementor-widget-container\">\n\t\t\t\t\t\t\t\t\t\t\t\t\t\t\t<img decoding=\"async\" width=\"700\" height=\"700\" src=\"https:\/\/momem.org\/wp-content\/uploads\/2025\/10\/JuliaLabonteStoy.png\" class=\"attachment-large size-large wp-image-103614\" alt=\"\" srcset=\"https:\/\/momem.org\/wp-content\/uploads\/2025\/10\/JuliaLabonteStoy.png 700w, https:\/\/momem.org\/wp-content\/uploads\/2025\/10\/JuliaLabonteStoy-300x300.png 300w, https:\/\/momem.org\/wp-content\/uploads\/2025\/10\/JuliaLabonteStoy-150x150.png 150w, https:\/\/momem.org\/wp-content\/uploads\/2025\/10\/JuliaLabonteStoy-12x12.png 12w, https:\/\/momem.org\/wp-content\/uploads\/2025\/10\/JuliaLabonteStoy-600x600.png 600w, https:\/\/momem.org\/wp-content\/uploads\/2025\/10\/JuliaLabonteStoy-100x100.png 100w\" sizes=\"(max-width: 700px) 100vw, 700px\" \/>\t\t\t\t\t\t\t\t\t\t\t\t\t\t\t<\/div>\n\t\t\t\t<\/div>\n\t\t\t\t\t<\/div>\n\t\t<\/div>\n\t\t\t\t\t<\/div>\n\t\t<\/section>\n\t\t\t\t<section class=\"elementor-section elementor-inner-section elementor-element elementor-element-b5596b6 elementor-section-boxed elementor-section-height-default elementor-section-height-default\" data-id=\"b5596b6\" data-element_type=\"section\" data-e-type=\"section\">\n\t\t\t\t\t\t<div class=\"elementor-container elementor-column-gap-default\">\n\t\t\t\t\t<div class=\"elementor-column elementor-col-50 elementor-inner-column elementor-element elementor-element-b34201d\" data-id=\"b34201d\" data-element_type=\"column\" data-e-type=\"column\">\n\t\t\t<div class=\"elementor-widget-wrap elementor-element-populated\">\n\t\t\t\t\t\t<div class=\"elementor-element elementor-element-aaa6ca9 elementor-widget__width-initial elementor-widget elementor-widget-text-editor\" data-id=\"aaa6ca9\" data-element_type=\"widget\" data-e-type=\"widget\" data-widget_type=\"text-editor.default\">\n\t\t\t\t<div class=\"elementor-widget-container\">\n\t\t\t\t\t\t\t\t\t<h3><b><em>14:00-16:00<br \/><\/em><\/b><b><em>Nadia Struiwigh<br \/><\/em><\/b><b>Sound Tells the Story - Composing with Feeling<\/b><\/h3><p>This session explores how to build emotional narratives using sound. From ambient pads to rhythmic pulses, Nadia guides participants in creating a cinematic storyline - whether for film, performance, or personal expression.<\/p><ul><li aria-level=\"1\">Focus points: emotion-based arrangement, layering, transitions, mood building<\/li><li aria-level=\"1\">Tools: Ableton or hardware setups<\/li><li aria-level=\"1\">Ideal for: film &amp; media creators, immersive arts programmes, producers<br \/><br \/><\/li><\/ul><p><em> Ticket:<a href=\"https:\/\/momem.org\/en\/product\/composing-07-02-2026-1400-1600\/\"> https:\/\/momem.org\/produkt\/composing-07-02-2026-1400-1600\/<\/a><\/em><\/p>\t\t\t\t\t\t\t\t<\/div>\n\t\t\t\t<\/div>\n\t\t\t\t\t<\/div>\n\t\t<\/div>\n\t\t\t\t<div class=\"elementor-column elementor-col-50 elementor-inner-column elementor-element elementor-element-61154df\" data-id=\"61154df\" data-element_type=\"column\" data-e-type=\"column\">\n\t\t\t<div class=\"elementor-widget-wrap elementor-element-populated\">\n\t\t\t\t\t\t<div class=\"elementor-element elementor-element-2c44357 elementor-widget__width-initial elementor-widget elementor-widget-image\" data-id=\"2c44357\" data-element_type=\"widget\" data-e-type=\"widget\" data-widget_type=\"image.default\">\n\t\t\t\t<div class=\"elementor-widget-container\">\n\t\t\t\t\t\t\t\t\t\t\t\t\t\t\t<img decoding=\"async\" width=\"700\" height=\"700\" src=\"https:\/\/momem.org\/wp-content\/uploads\/2025\/10\/NadiaStruiwigh.png\" class=\"attachment-large size-large wp-image-103615\" alt=\"\" srcset=\"https:\/\/momem.org\/wp-content\/uploads\/2025\/10\/NadiaStruiwigh.png 700w, https:\/\/momem.org\/wp-content\/uploads\/2025\/10\/NadiaStruiwigh-300x300.png 300w, https:\/\/momem.org\/wp-content\/uploads\/2025\/10\/NadiaStruiwigh-150x150.png 150w, https:\/\/momem.org\/wp-content\/uploads\/2025\/10\/NadiaStruiwigh-12x12.png 12w, https:\/\/momem.org\/wp-content\/uploads\/2025\/10\/NadiaStruiwigh-600x600.png 600w, https:\/\/momem.org\/wp-content\/uploads\/2025\/10\/NadiaStruiwigh-100x100.png 100w\" sizes=\"(max-width: 700px) 100vw, 700px\" \/>\t\t\t\t\t\t\t\t\t\t\t\t\t\t\t<\/div>\n\t\t\t\t<\/div>\n\t\t\t\t\t<\/div>\n\t\t<\/div>\n\t\t\t\t\t<\/div>\n\t\t<\/section>\n\t\t\t\t<section class=\"elementor-section elementor-inner-section elementor-element elementor-element-3b926c7 elementor-section-boxed elementor-section-height-default elementor-section-height-default\" data-id=\"3b926c7\" data-element_type=\"section\" data-e-type=\"section\">\n\t\t\t\t\t\t<div class=\"elementor-container elementor-column-gap-default\">\n\t\t\t\t\t<div class=\"elementor-column elementor-col-50 elementor-inner-column elementor-element elementor-element-4c33ab3\" data-id=\"4c33ab3\" data-element_type=\"column\" data-e-type=\"column\">\n\t\t\t<div class=\"elementor-widget-wrap elementor-element-populated\">\n\t\t\t\t\t\t<div class=\"elementor-element elementor-element-4a7b168 elementor-widget__width-initial elementor-widget elementor-widget-text-editor\" data-id=\"4a7b168\" data-element_type=\"widget\" data-e-type=\"widget\" data-widget_type=\"text-editor.default\">\n\t\t\t\t<div class=\"elementor-widget-container\">\n\t\t\t\t\t\t\t\t\t<h3><b><em>19:00-20:30<br \/><\/em><\/b><strong><em>Julia Labonte-Stoy (moderator), Emma Marshall, Nadia Struiwigh,\u00a0<\/em><em>Katja Ruge - Curator<\/em><\/strong><b><em><br \/><\/em><\/b><b>Music is Medicine - How Electronic Music Heals Body and Soul<\/b><\/h3><p>Emma Marshall opens with insights from <i>Music is Medicine<\/i> - Stories about rhythm, memory and community. Together with Nadia Struiwigh, a conversation about moments on the dancefloor and in the studio in which electronic music becomes a unifying, stabilising force. Moderated by Julia Labonte-Stoy, this panel opens a space for exchange, healing and shared experiences.<\/p><p><em>Free admission, accessible to all<\/em><\/p>\t\t\t\t\t\t\t\t<\/div>\n\t\t\t\t<\/div>\n\t\t\t\t\t<\/div>\n\t\t<\/div>\n\t\t\t\t<div class=\"elementor-column elementor-col-50 elementor-inner-column elementor-element elementor-element-5a99f0f\" data-id=\"5a99f0f\" data-element_type=\"column\" data-e-type=\"column\">\n\t\t\t<div class=\"elementor-widget-wrap elementor-element-populated\">\n\t\t\t\t\t\t<div class=\"elementor-element elementor-element-025300e elementor-widget__width-initial elementor-widget elementor-widget-image\" data-id=\"025300e\" data-element_type=\"widget\" data-e-type=\"widget\" data-widget_type=\"image.default\">\n\t\t\t\t<div class=\"elementor-widget-container\">\n\t\t\t\t\t\t\t\t\t\t\t\t\t\t\t<img loading=\"lazy\" decoding=\"async\" width=\"1024\" height=\"1024\" src=\"https:\/\/momem.org\/wp-content\/uploads\/2026\/01\/SamstagPanel_U\u0308bersicht-1024x1024.png\" class=\"attachment-large size-large wp-image-111465\" alt=\"\" srcset=\"https:\/\/momem.org\/wp-content\/uploads\/2026\/01\/SamstagPanel_U\u0308bersicht-1024x1024.png 1024w, https:\/\/momem.org\/wp-content\/uploads\/2026\/01\/SamstagPanel_U\u0308bersicht-300x300.png 300w, https:\/\/momem.org\/wp-content\/uploads\/2026\/01\/SamstagPanel_U\u0308bersicht-150x150.png 150w, https:\/\/momem.org\/wp-content\/uploads\/2026\/01\/SamstagPanel_U\u0308bersicht-768x768.png 768w, https:\/\/momem.org\/wp-content\/uploads\/2026\/01\/SamstagPanel_U\u0308bersicht-12x12.png 12w, https:\/\/momem.org\/wp-content\/uploads\/2026\/01\/SamstagPanel_U\u0308bersicht-600x600.png 600w, https:\/\/momem.org\/wp-content\/uploads\/2026\/01\/SamstagPanel_U\u0308bersicht-100x100.png 100w, https:\/\/momem.org\/wp-content\/uploads\/2026\/01\/SamstagPanel_U\u0308bersicht.png 1458w\" sizes=\"(max-width: 1024px) 100vw, 1024px\" \/>\t\t\t\t\t\t\t\t\t\t\t\t\t\t\t<\/div>\n\t\t\t\t<\/div>\n\t\t\t\t\t<\/div>\n\t\t<\/div>\n\t\t\t\t\t<\/div>\n\t\t<\/section>\n\t\t\t\t<div class=\"elementor-element elementor-element-70995f7 elementor-widget__width-initial elementor-widget elementor-widget-text-editor\" data-id=\"70995f7\" data-element_type=\"widget\" data-e-type=\"widget\" data-widget_type=\"text-editor.default\">\n\t\t\t\t<div class=\"elementor-widget-container\">\n\t\t\t\t\t\t\t\t\t<div title=\"Page 2\"><div title=\"Page 2\"><div title=\"Page 2\"><div title=\"Page 2\"><div title=\"Page 2\"><h3><b>Participation &amp; access<\/b><\/h3><p>\u2728 <b>Workshops: \u20ac 28 each and exclusively for FLINTA* persons<br \/>\u2728 W<\/b><b>For further information on the workshops see Ticketing<br \/><\/b><b><\/b> \u2728 <b>Panels &amp; after-parties: Admission on a donation basis and open to everyone<\/b><\/p><p><b>\u00a0<\/b><\/p><p style=\"font-weight: 400;\"><strong>Funded by Kulturamt Frankfurt am Main<\/strong><br \/><strong>Media Support by RA (Resident Advisor)<\/strong><\/p><p><b><\/b><strong>Graphics by Martha Jokiel<\/strong><\/p><\/div><\/div><\/div><\/div><\/div>\t\t\t\t\t\t\t\t<\/div>\n\t\t\t\t<\/div>\n\t\t\t\t<div class=\"elementor-element elementor-element-dda5c95 elementor-mobile-align-center elementor-widget elementor-widget-button\" data-id=\"dda5c95\" data-element_type=\"widget\" data-e-type=\"widget\" data-widget_type=\"button.default\">\n\t\t\t\t<div class=\"elementor-widget-container\">\n\t\t\t\t\t\t\t\t\t<div class=\"elementor-button-wrapper\">\n\t\t\t\t\t<a class=\"elementor-button elementor-button-link elementor-size-xl\" href=\"\/en\/tickets\/\">\n\t\t\t\t\t\t<span class=\"elementor-button-content-wrapper\">\n\t\t\t\t\t\t\t\t\t<span class=\"elementor-button-text\">GET YOUR TICKETS!<\/span>\n\t\t\t\t\t<\/span>\n\t\t\t\t\t<\/a>\n\t\t\t\t<\/div>\n\t\t\t\t\t\t\t\t<\/div>\n\t\t\t\t<\/div>\n\t\t\t\t\t<\/div>\n\t\t<\/div>\n\t\t\t\t\t<\/div>\n\t\t<\/section>\n\t\t\t\t<section class=\"elementor-section elementor-top-section elementor-element elementor-element-b7ce85a elementor-section-boxed elementor-section-height-default elementor-section-height-default\" data-id=\"b7ce85a\" data-element_type=\"section\" data-e-type=\"section\">\n\t\t\t\t\t\t<div class=\"elementor-container elementor-column-gap-default\">\n\t\t\t\t\t<div class=\"elementor-column elementor-col-100 elementor-top-column elementor-element elementor-element-63aa362\" data-id=\"63aa362\" data-element_type=\"column\" data-e-type=\"column\">\n\t\t\t<div class=\"elementor-widget-wrap\">\n\t\t\t\t\t\t\t<\/div>\n\t\t<\/div>\n\t\t\t\t\t<\/div>\n\t\t<\/section>\n\t\t\t\t<section class=\"elementor-section elementor-top-section elementor-element elementor-element-92df7e2 elementor-section-boxed elementor-section-height-default elementor-section-height-default\" data-id=\"92df7e2\" data-element_type=\"section\" data-e-type=\"section\">\n\t\t\t\t\t\t<div class=\"elementor-container elementor-column-gap-default\">\n\t\t\t\t\t<div class=\"elementor-column elementor-col-100 elementor-top-column elementor-element elementor-element-d115a55\" data-id=\"d115a55\" data-element_type=\"column\" data-e-type=\"column\">\n\t\t\t<div class=\"elementor-widget-wrap\">\n\t\t\t\t\t\t\t<\/div>\n\t\t<\/div>\n\t\t\t\t\t<\/div>\n\t\t<\/section>\n\t\t\t\t<\/div>","protected":false},"excerpt":{"rendered":"<p>07.02.2026 Programm 11:00\u201313:00Tanja Godlewsky\u00a0Breaking the Ideal #2 \u2013 Visual Strategies Beyond the Image Wie entstehen visuelle Identit\u00e4ten, die Musiker*innen nicht nur zeigen, sondern auch sch\u00fctzen, st\u00e4rken und positionieren \u2013 insbesondere im Hinblick auf Geschlecht, Ausdruck und Zugeh\u00f6rigkeit?In diesem Workshop entwickeln wir ganzheitliche Ans\u00e4tze f\u00fcr gendersensible Gestaltung: von Farb- und Typografiekonzepten \u00fcber Bildsprachen bis hin zu&hellip;&nbsp;<a href=\"https:\/\/momem.org\/en\/femc-samstag\/\" rel=\"bookmark\">Read More \"<span class=\"screen-reader-text\">FEMC &#8211; Samstag<\/span><\/a><\/p>","protected":false},"author":6,"featured_media":0,"parent":0,"menu_order":0,"comment_status":"closed","ping_status":"closed","template":"elementor_header_footer","meta":{"neve_meta_sidebar":"full-width","neve_meta_container":"default","neve_meta_enable_content_width":"on","neve_meta_content_width":100,"neve_meta_title_alignment":"left","neve_meta_author_avatar":"","neve_post_elements_order":"","neve_meta_disable_header":"off","neve_meta_disable_footer":"","neve_meta_disable_title":"on","footnotes":""},"class_list":["post-111456","page","type-page","status-publish","hentry"],"aioseo_notices":[],"_links":{"self":[{"href":"https:\/\/momem.org\/en\/wp-json\/wp\/v2\/pages\/111456","targetHints":{"allow":["GET"]}}],"collection":[{"href":"https:\/\/momem.org\/en\/wp-json\/wp\/v2\/pages"}],"about":[{"href":"https:\/\/momem.org\/en\/wp-json\/wp\/v2\/types\/page"}],"author":[{"embeddable":true,"href":"https:\/\/momem.org\/en\/wp-json\/wp\/v2\/users\/6"}],"replies":[{"embeddable":true,"href":"https:\/\/momem.org\/en\/wp-json\/wp\/v2\/comments?post=111456"}],"version-history":[{"count":7,"href":"https:\/\/momem.org\/en\/wp-json\/wp\/v2\/pages\/111456\/revisions"}],"predecessor-version":[{"id":111469,"href":"https:\/\/momem.org\/en\/wp-json\/wp\/v2\/pages\/111456\/revisions\/111469"}],"wp:attachment":[{"href":"https:\/\/momem.org\/en\/wp-json\/wp\/v2\/media?parent=111456"}],"curies":[{"name":"wp","href":"https:\/\/api.w.org\/{rel}","templated":true}]}}