{"id":113125,"date":"2026-02-03T19:43:51","date_gmt":"2026-02-03T18:43:51","guid":{"rendered":"https:\/\/momem.org\/?page_id=113125"},"modified":"2026-04-02T11:57:29","modified_gmt":"2026-04-02T09:57:29","slug":"night-shit-berlin","status":"publish","type":"page","link":"https:\/\/momem.org\/en\/night-shit-berlin\/","title":{"rendered":"Night Shit Berlin"},"content":{"rendered":"<div data-elementor-type=\"wp-page\" data-elementor-id=\"113125\" class=\"elementor elementor-113125\" data-elementor-post-type=\"page\">\n\t\t\t\t\t\t<section class=\"elementor-section elementor-top-section elementor-element elementor-element-fe50724 elementor-reverse-mobile elementor-section-boxed elementor-section-height-default elementor-section-height-default\" data-id=\"fe50724\" data-element_type=\"section\" data-e-type=\"section\">\n\t\t\t\t\t\t<div class=\"elementor-container elementor-column-gap-default\">\n\t\t\t\t\t<div class=\"elementor-column elementor-col-100 elementor-top-column elementor-element elementor-element-1553d46\" data-id=\"1553d46\" data-element_type=\"column\" data-e-type=\"column\">\n\t\t\t<div class=\"elementor-widget-wrap elementor-element-populated\">\n\t\t\t\t\t\t<div class=\"elementor-element elementor-element-2a01e74 elementor-widget elementor-widget-heading\" data-id=\"2a01e74\" data-element_type=\"widget\" data-e-type=\"widget\" data-widget_type=\"heading.default\">\n\t\t\t\t<div class=\"elementor-widget-container\">\n\t\t\t\t\t<h2 class=\"elementor-heading-title elementor-size-default\">+<\/h2>\t\t\t\t<\/div>\n\t\t\t\t<\/div>\n\t\t\t\t<div class=\"elementor-element elementor-element-346cfff elementor-widget elementor-widget-heading\" data-id=\"346cfff\" data-element_type=\"widget\" data-e-type=\"widget\" data-widget_type=\"heading.default\">\n\t\t\t\t<div class=\"elementor-widget-container\">\n\t\t\t\t\t<h1 class=\"elementor-heading-title elementor-size-default\"><span style=\"font-size: var(--h1fontsize);letter-spacing: var(--h1letterspacing);text-transform: var(--h1texttransform);background-color: var(--nv-site-bg)\">NightShift Berlin<\/span><\/h1>\t\t\t\t<\/div>\n\t\t\t\t<\/div>\n\t\t\t\t<div class=\"elementor-element elementor-element-7fbe6d9 elementor-widget elementor-widget-heading\" data-id=\"7fbe6d9\" data-element_type=\"widget\" data-e-type=\"widget\" data-widget_type=\"heading.default\">\n\t\t\t\t<div class=\"elementor-widget-container\">\n\t\t\t\t\t<h1 class=\"elementor-heading-title elementor-size-xl\">Photographs by Benita Suchodrev - 08.02. to 22.02.2026<br><\/h1>\t\t\t\t<\/div>\n\t\t\t\t<\/div>\n\t\t\t\t<div class=\"elementor-element elementor-element-7a42d8f elementor-widget__width-initial elementor-arrows-position-inside elementor-pagination-position-outside elementor-widget elementor-widget-image-carousel\" data-id=\"7a42d8f\" data-element_type=\"widget\" data-e-type=\"widget\" data-settings=\"{&quot;navigation&quot;:&quot;both&quot;,&quot;autoplay&quot;:&quot;yes&quot;,&quot;pause_on_hover&quot;:&quot;yes&quot;,&quot;pause_on_interaction&quot;:&quot;yes&quot;,&quot;autoplay_speed&quot;:5000,&quot;infinite&quot;:&quot;yes&quot;,&quot;speed&quot;:500}\" data-widget_type=\"image-carousel.default\">\n\t\t\t\t<div class=\"elementor-widget-container\">\n\t\t\t\t\t\t\t<div class=\"elementor-image-carousel-wrapper swiper\" role=\"region\" aria-roledescription=\"carousel\" aria-label=\"Picture carousel\" dir=\"ltr\">\n\t\t\t<div class=\"elementor-image-carousel swiper-wrapper swiper-image-stretch\" aria-live=\"off\">\n\t\t\t\t\t\t\t\t<div class=\"swiper-slide\" role=\"group\" aria-roledescription=\"slide\" aria-label=\"1 of 1\"><figure class=\"swiper-slide-inner\"><img decoding=\"async\" class=\"swiper-slide-image\" src=\"https:\/\/momem.org\/wp-content\/uploads\/2026\/02\/Nightshift_Berlin_Instagram-klein.jpg\" alt=\"Nightshift_Berlin_Instagram klein\" \/><\/figure><\/div>\t\t\t<\/div>\n\t\t\t\t\t<\/div>\n\t\t\t\t\t\t<\/div>\n\t\t\t\t<\/div>\n\t\t\t\t<div class=\"elementor-element elementor-element-8325d64 elementor-widget__width-initial elementor-widget elementor-widget-text-editor\" data-id=\"8325d64\" data-element_type=\"widget\" data-e-type=\"widget\" data-widget_type=\"text-editor.default\">\n\t\t\t\t<div class=\"elementor-widget-container\">\n\t\t\t\t\t\t\t\t\t<p dir=\"auto\"><i>\u201eThere is something insane and magical about the whole thing: the neurotic flickering of neon lights, the absorption of the self in a trance induced by an eerie beat, or the feigning of bliss with a stranger on a shabby couch in a smoky room. In the hustle and bustle of the night, stories unfold behind the party fa\u00e7ade that are not just about frivolous entertainment, but about a special, inexhaustible aspect of human existence: the insatiable longing to feel physically and mentally free.\u201c<br \/><\/i><\/p><p dir=\"auto\"><i>Benita Suchodrev<\/i><\/p><p dir=\"auto\">An urban landscape is full of spatial and temporal interstices - places that offer freedom by escaping the established order outside their walls. The labyrinth of nightlife and club culture is more than just an escape; it is a gateway to a new reality where the dance floor is a shelter of possibilities, where freedom becomes physically tangible.<\/p><p dir=\"auto\">For over 30 years, Berlin has been a haven for those seeking freedom and reinvention. Whether it's exhibitionism or escapism, the decision to hide behind a mask or shed all facades, breaking social barriers or indulging in hedonism - every face tells a story, every image reflects the hidden narratives behind a fleeting expression or look.<br \/>The NIGHTSHIFT BERLIN exhibition presents more than 100 photographs from the past two decades. It documents the fleeting moments, the unmistakable characters and the intense moods that make up the soul of an almost bygone era.<\/p>\t\t\t\t\t\t\t\t<\/div>\n\t\t\t\t<\/div>\n\t\t\t\t<div class=\"elementor-element elementor-element-dda5c95 elementor-mobile-align-center elementor-widget elementor-widget-button\" data-id=\"dda5c95\" data-element_type=\"widget\" data-e-type=\"widget\" data-widget_type=\"button.default\">\n\t\t\t\t<div class=\"elementor-widget-container\">\n\t\t\t\t\t\t\t\t\t<div class=\"elementor-button-wrapper\">\n\t\t\t\t\t<a class=\"elementor-button elementor-button-link elementor-size-xl\" href=\"https:\/\/momem.org\/en\/ausstellung-kalender\/\">\n\t\t\t\t\t\t<span class=\"elementor-button-content-wrapper\">\n\t\t\t\t\t\t\t\t\t<span class=\"elementor-button-text\">GET YOUR TICKETS!<\/span>\n\t\t\t\t\t<\/span>\n\t\t\t\t\t<\/a>\n\t\t\t\t<\/div>\n\t\t\t\t\t\t\t\t<\/div>\n\t\t\t\t<\/div>\n\t\t\t\t\t<\/div>\n\t\t<\/div>\n\t\t\t\t\t<\/div>\n\t\t<\/section>\n\t\t\t\t<\/div>","protected":false},"excerpt":{"rendered":"<p>+ NightShift Berlin Fotografien von Benita Suchodrev &#8211; 08.02. bis 22.02.2026 \u201eDas Ganze hat etwas Wahnsinniges und Magisches an sich: das neurotische Flackern der Neonlichter, das Aufgehen des Selbst in einer Trance, hervorgerufen durch einen unheimlichen Beat, oder das Vort\u00e4uschen von Gl\u00fcckseligkeit mit einem Fremden auf einer sch\u00e4bigen Couch in einem verrauchten Raum. In der&hellip;&nbsp;<a href=\"https:\/\/momem.org\/en\/night-shit-berlin\/\" rel=\"bookmark\">Read More \"<span class=\"screen-reader-text\">Night Shit Berlin<\/span><\/a><\/p>","protected":false},"author":6,"featured_media":0,"parent":0,"menu_order":0,"comment_status":"closed","ping_status":"closed","template":"elementor_header_footer","meta":{"neve_meta_sidebar":"full-width","neve_meta_container":"default","neve_meta_enable_content_width":"on","neve_meta_content_width":100,"neve_meta_title_alignment":"left","neve_meta_author_avatar":"","neve_post_elements_order":"","neve_meta_disable_header":"off","neve_meta_disable_footer":"","neve_meta_disable_title":"on","footnotes":""},"class_list":["post-113125","page","type-page","status-publish","hentry"],"aioseo_notices":[],"_links":{"self":[{"href":"https:\/\/momem.org\/en\/wp-json\/wp\/v2\/pages\/113125","targetHints":{"allow":["GET"]}}],"collection":[{"href":"https:\/\/momem.org\/en\/wp-json\/wp\/v2\/pages"}],"about":[{"href":"https:\/\/momem.org\/en\/wp-json\/wp\/v2\/types\/page"}],"author":[{"embeddable":true,"href":"https:\/\/momem.org\/en\/wp-json\/wp\/v2\/users\/6"}],"replies":[{"embeddable":true,"href":"https:\/\/momem.org\/en\/wp-json\/wp\/v2\/comments?post=113125"}],"version-history":[{"count":10,"href":"https:\/\/momem.org\/en\/wp-json\/wp\/v2\/pages\/113125\/revisions"}],"predecessor-version":[{"id":119229,"href":"https:\/\/momem.org\/en\/wp-json\/wp\/v2\/pages\/113125\/revisions\/119229"}],"wp:attachment":[{"href":"https:\/\/momem.org\/en\/wp-json\/wp\/v2\/media?parent=113125"}],"curies":[{"name":"wp","href":"https:\/\/api.w.org\/{rel}","templated":true}]}}