{"id":430,"date":"2021-12-14T09:29:32","date_gmt":"2021-12-14T08:29:32","guid":{"rendered":"http:\/\/3.120.227.159\/?page_id=430"},"modified":"2024-07-17T17:36:59","modified_gmt":"2024-07-17T15:36:59","slug":"impressum","status":"publish","type":"page","link":"https:\/\/momem.org\/en\/impressum\/","title":{"rendered":"Imprint"},"content":{"rendered":"\t\t<div data-elementor-type=\"wp-page\" data-elementor-id=\"430\" class=\"elementor elementor-430\" data-elementor-post-type=\"page\">\n\t\t\t\t\t\t<section class=\"elementor-section elementor-top-section elementor-element elementor-element-112813c6 elementor-section-boxed elementor-section-height-default elementor-section-height-default\" data-id=\"112813c6\" data-element_type=\"section\" data-e-type=\"section\">\n\t\t\t\t\t\t<div class=\"elementor-container elementor-column-gap-default\">\n\t\t\t\t\t<div class=\"elementor-column elementor-col-100 elementor-top-column elementor-element elementor-element-18da68f8\" data-id=\"18da68f8\" data-element_type=\"column\" data-e-type=\"column\">\n\t\t\t<div class=\"elementor-widget-wrap elementor-element-populated\">\n\t\t\t\t\t\t<div class=\"elementor-element elementor-element-be2f604 elementor-widget elementor-widget-heading\" data-id=\"be2f604\" data-element_type=\"widget\" data-e-type=\"widget\" data-widget_type=\"heading.default\">\n\t\t\t\t<div class=\"elementor-widget-container\">\n\t\t\t\t\t<h2 class=\"elementor-heading-title elementor-size-default\">Impressum<\/h2>\t\t\t\t<\/div>\n\t\t\t\t<\/div>\n\t\t\t\t<div class=\"elementor-element elementor-element-69c31bda elementor-widget elementor-widget-text-editor\" data-id=\"69c31bda\" data-element_type=\"widget\" data-e-type=\"widget\" data-widget_type=\"text-editor.default\">\n\t\t\t\t<div class=\"elementor-widget-container\">\n\t\t\t\t\t\t\t\t\t<p>Friends of MOMEM e.V.<br \/>Merianstra\u00dfe 24 b<br \/>60316 Frankfurt am Main<\/p><p>E-Mail: contact@momem.org<\/p><p>Vorstand:<br \/>Alex Azary, Andreas Tomalla, Dariush Azary<\/p><p>Legal advisory board:<br \/>Dr. Kirsten Girnth<\/p><p>Scientific advisory board:<br \/>Prof. Wilhelm Weber<\/p><p>Gemeinschaftlich vertretungsbefugt:<br \/>Vorsitzender: Alexander Azary<\/p><p>E-Mail: alex.azary@momem.org<\/p><p>Registergericht:<br \/>Amtsgericht Frankfurt am Main \/ Registernummer: 15332 \/ Als gemeinn\u00fctziger Verein anerkannt.<\/p><p>Steuernummer:<br \/>Finanzamt Frankfurt, NR: 045 250 80333<\/p><p>Konzeptrenderings:<br \/>Atelier Markgraph GmbH \/ <a href=\"https:\/\/www.markgraph.de\/\" target=\"_blank\" rel=\"noopener\">www.markgraph.de<\/a><\/p><p>COSALUX GmbH \/ <a href=\"https:\/\/www.cosalux.com\/\" target=\"_blank\" rel=\"noopener\">www.cosalux.com<\/a><\/p><p>Website:<br \/>COSALUX GmbH \/ <a href=\"https:\/\/www.cosalux.com\/\" target=\"_blank\" rel=\"noopener\">www.cosalux.com<\/a><\/p>\t\t\t\t\t\t\t\t<\/div>\n\t\t\t\t<\/div>\n\t\t\t\t<div class=\"elementor-element elementor-element-6da6d6e elementor-widget elementor-widget-text-editor\" data-id=\"6da6d6e\" data-element_type=\"widget\" data-e-type=\"widget\" data-widget_type=\"text-editor.default\">\n\t\t\t\t<div class=\"elementor-widget-container\">\n\t\t\t\t\t\t\t\t\t<h2>BILDNACHWEISE &amp; FOTONACHWEISE<\/h2>\nDer Fotonachweise sind, soweit nicht anders angegeben, wie folgt anzugeben:\n\nFoto: MOMEM \/ Friends Of MOMEM e.V.\n\nBei folgenden Abbildungen sind andere Fotonachweise zu nennen:\n[n\/a]\n\nCOPYRIGHTS\nDie Copyrights sind jeweils bei den einzelnen Werken aufgef\u00fchrt. Nicht in allen F\u00e4llen war es m\u00f6glich, Rechtsinhaber der Abbildungen ausfindig zu machen.\n\nHINWEIS ZUM URHEBERRECHT\nS\u00e4mtliche auf unserer Webseite platzierten Fotografien und Filmdateien unterliegen urheberrechtlichem Schutz. Auch auf die verwendeten Reproduktionen von gemeinfreien Kunstwerken, bei denen das Urheberrecht durch Zeitablauf erloschen ist, sind als solche gesch\u00fctzt. Gleiches gilt f\u00fcr die auf unserer Webseite pr\u00e4sentierten Texte, Tonaufnahmen usw. Alle diese urheberrechtlich gesch\u00fctzten Materialien d\u00fcrfen nicht ohne unsere Zustimmung kopiert, vervielf\u00e4ltigt, weiterverbreitet oder sonstwie auf andere Art und Weise in urheberrechtlich relevanter Weise genutzt werden. Ggf. ist im Einzelfall auch die Einholung von Zustimmungen durch Verwertungsgesellschaften und Bildagenturen etc. erforderlich. Setzen Sie sich deswegen bitte mit uns in Verbindung, wenn Sie gesch\u00fctztes Material verwenden m\u00f6chten. Im Falle der unberechtigten Nutzung von Material m\u00fcssen Sie mit einer rechtlichen Verfolgung durch uns und dritte Rechteinhaber rechnen.\t\t\t\t\t\t\t\t<\/div>\n\t\t\t\t<\/div>\n\t\t\t\t\t<\/div>\n\t\t<\/div>\n\t\t\t\t\t<\/div>\n\t\t<\/section>\n\t\t\t\t<\/div>\n\t\t","protected":false},"excerpt":{"rendered":"<p>Imprint Friends of MOMEM e.V.Merianstra\u00dfe 24 b60316 Frankfurt am Main E-Mail: contact@momem.org Board:Alex Azary, Andreas Tomalla, Dariush Azary Legal advisory board:Dr. Kirsten Girnth Scientific advisory board:Prof. Wilhelm Weber Jointly authorised to represent:Chairman: Alexander Azary E-Mail: alex.azary@momem.org Register court:Local court Frankfurt am Main \/ Register number: 15332 \/ Recognised as a non-profit association. Tax number:Tax office Frankfurt, NR: 045 250 80333 Concept renderings:Atelier Markgraph GmbH...&nbsp;<a href=\"https:\/\/momem.org\/en\/impressum\/\" rel=\"bookmark\">Read More \"<span class=\"screen-reader-text\">Imprint<\/span><\/a><\/p>","protected":false},"author":1,"featured_media":0,"parent":0,"menu_order":0,"comment_status":"closed","ping_status":"closed","template":"","meta":{"neve_meta_sidebar":"","neve_meta_container":"","neve_meta_enable_content_width":"","neve_meta_content_width":0,"neve_meta_title_alignment":"","neve_meta_author_avatar":"","neve_post_elements_order":"","neve_meta_disable_header":"","neve_meta_disable_footer":"","neve_meta_disable_title":"","footnotes":""},"class_list":["post-430","page","type-page","status-publish","hentry"],"aioseo_notices":[],"_links":{"self":[{"href":"https:\/\/momem.org\/en\/wp-json\/wp\/v2\/pages\/430","targetHints":{"allow":["GET"]}}],"collection":[{"href":"https:\/\/momem.org\/en\/wp-json\/wp\/v2\/pages"}],"about":[{"href":"https:\/\/momem.org\/en\/wp-json\/wp\/v2\/types\/page"}],"author":[{"embeddable":true,"href":"https:\/\/momem.org\/en\/wp-json\/wp\/v2\/users\/1"}],"replies":[{"embeddable":true,"href":"https:\/\/momem.org\/en\/wp-json\/wp\/v2\/comments?post=430"}],"version-history":[{"count":20,"href":"https:\/\/momem.org\/en\/wp-json\/wp\/v2\/pages\/430\/revisions"}],"predecessor-version":[{"id":77320,"href":"https:\/\/momem.org\/en\/wp-json\/wp\/v2\/pages\/430\/revisions\/77320"}],"wp:attachment":[{"href":"https:\/\/momem.org\/en\/wp-json\/wp\/v2\/media?parent=430"}],"curies":[{"name":"wp","href":"https:\/\/api.w.org\/{rel}","templated":true}]}}