{"id":81844,"date":"2024-10-15T17:23:26","date_gmt":"2024-10-15T15:23:26","guid":{"rendered":"https:\/\/momem.org\/?page_id=81844"},"modified":"2025-03-26T12:01:14","modified_gmt":"2025-03-26T11:01:14","slug":"italo-disco","status":"publish","type":"page","link":"https:\/\/momem.org\/en\/italo-disco\/","title":{"rendered":"Italo Disco"},"content":{"rendered":"\t\t<div data-elementor-type=\"wp-page\" data-elementor-id=\"81844\" class=\"elementor elementor-81844\" data-elementor-post-type=\"page\">\n\t\t\t\t\t\t<section class=\"elementor-section elementor-top-section elementor-element elementor-element-fe50724 elementor-reverse-mobile elementor-section-boxed elementor-section-height-default elementor-section-height-default\" data-id=\"fe50724\" data-element_type=\"section\" data-e-type=\"section\">\n\t\t\t\t\t\t<div class=\"elementor-container elementor-column-gap-default\">\n\t\t\t\t\t<div class=\"elementor-column elementor-col-100 elementor-top-column elementor-element elementor-element-1553d46\" data-id=\"1553d46\" data-element_type=\"column\" data-e-type=\"column\">\n\t\t\t<div class=\"elementor-widget-wrap elementor-element-populated\">\n\t\t\t\t\t\t<div class=\"elementor-element elementor-element-2a01e74 elementor-widget elementor-widget-heading\" data-id=\"2a01e74\" data-element_type=\"widget\" data-e-type=\"widget\" data-widget_type=\"heading.default\">\n\t\t\t\t<div class=\"elementor-widget-container\">\n\t\t\t\t\t<h2 class=\"elementor-heading-title elementor-size-default\">+<\/h2>\t\t\t\t<\/div>\n\t\t\t\t<\/div>\n\t\t\t\t<div class=\"elementor-element elementor-element-346cfff elementor-widget elementor-widget-heading\" data-id=\"346cfff\" data-element_type=\"widget\" data-e-type=\"widget\" data-widget_type=\"heading.default\">\n\t\t\t\t<div class=\"elementor-widget-container\">\n\t\t\t\t\t<h1 class=\"elementor-heading-title elementor-size-default\"><span style=\"font-size: var(--h1fontsize);letter-spacing: var(--h1letterspacing);text-transform: var(--h1texttransform);background-color: var(--nv-site-bg)\">ITALO DISCO \u2013 Never Stop Dancing!<\/span><\/h1>\t\t\t\t<\/div>\n\t\t\t\t<\/div>\n\t\t\t\t<div class=\"elementor-element elementor-element-7fbe6d9 elementor-widget elementor-widget-heading\" data-id=\"7fbe6d9\" data-element_type=\"widget\" data-e-type=\"widget\" data-widget_type=\"heading.default\">\n\t\t\t\t<div class=\"elementor-widget-container\">\n\t\t\t\t\t<h2 class=\"elementor-heading-title elementor-size-xl\">DI - SO | 13 - 19 UHR | EINTRITT 8\u20ac - 12\u20ac<\/h2>\t\t\t\t<\/div>\n\t\t\t\t<\/div>\n\t\t\t\t<section class=\"elementor-section elementor-inner-section elementor-element elementor-element-fa7bc7c elementor-reverse-tablet elementor-reverse-mobile elementor-section-boxed elementor-section-height-default elementor-section-height-default\" data-id=\"fa7bc7c\" data-element_type=\"section\" data-e-type=\"section\">\n\t\t\t\t\t\t<div class=\"elementor-container elementor-column-gap-narrow\">\n\t\t\t\t\t<div class=\"elementor-column elementor-col-50 elementor-inner-column elementor-element elementor-element-eb29d08\" data-id=\"eb29d08\" data-element_type=\"column\" data-e-type=\"column\">\n\t\t\t<div class=\"elementor-widget-wrap elementor-element-populated\">\n\t\t\t\t\t\t<div class=\"elementor-element elementor-element-7c012e9 elementor-widget elementor-widget-text-editor\" data-id=\"7c012e9\" data-element_type=\"widget\" data-e-type=\"widget\" data-widget_type=\"text-editor.default\">\n\t\t\t\t<div class=\"elementor-widget-container\">\n\t\t\t\t\t\t\t\t\t<p>Vom 11.10.2024 bis 02.04.2025 habt ihr die Gelegenheit, tief in die faszinierende Welt des Italo Disco einzutauchen und den pr\u00e4genden Einfluss italienischer K\u00fcnstler auf die globale elektronische Musik zu erleben.<br \/>Italo Disco war nicht nur ein Sound der 1980er \u2013 markante Synthesizer, zuckers\u00fc\u00dfe Streicherarrangements und futuristische Beats definierten ein einzigartiges Genre.<\/p><p>W\u00e4hrend Klassiker wie \u201cSelf Control\u201d und \u201cAnother Life\u201d die internationalen Charts eroberten, waren die Clubversionen in legend\u00e4ren italienischen Mega-Discos allgegenw\u00e4rtig. Die Ausstellung beleuchtet, wie Italo Disco die House-Musikszene Chicagos beeinflusste und bis heute auf Tanzfl\u00e4chen weltweit pr\u00e4sent ist.<\/p><p>Zeitgen\u00f6ssische DJs wie Gerd Janson, Purple Disco Machine und Mochakk tragen das Revival von Italo Disco fort, w\u00e4hrend Labels wie Bordello A Parigi regelm\u00e4\u00dfig neue Tracks im ikonischen Stil ver\u00f6ffentlichen \u2013 Italo Disco ist somit aktueller denn je!<\/p><p>Im Mittelpunkt der Ausstellung stehen ikonische Tracks, K\u00fcnstler wie Ryan Paris, Sabrina Salerno, RAF sowie der fortw\u00e4hrende Einfluss des Genres \u2013 etwa durch den deutschen Produzenten Philipp Lauer. Entdeckt die spannende Geschichte der Clubs, Labels und Musiklegenden, die Italo Disco zu einem internationalen\u00a0Ph\u00e4nomen gemacht haben.<\/p>\t\t\t\t\t\t\t\t<\/div>\n\t\t\t\t<\/div>\n\t\t\t\t\t<\/div>\n\t\t<\/div>\n\t\t\t\t<div class=\"elementor-column elementor-col-50 elementor-inner-column elementor-element elementor-element-a762c49\" data-id=\"a762c49\" data-element_type=\"column\" data-e-type=\"column\">\n\t\t\t<div class=\"elementor-widget-wrap elementor-element-populated\">\n\t\t\t\t\t\t<div class=\"elementor-element elementor-element-f62b3eb elementor-widget elementor-widget-image\" data-id=\"f62b3eb\" data-element_type=\"widget\" data-e-type=\"widget\" data-settings=\"{&quot;motion_fx_motion_fx_scrolling&quot;:&quot;yes&quot;,&quot;motion_fx_rotateZ_effect&quot;:&quot;yes&quot;,&quot;motion_fx_rotateZ_direction&quot;:&quot;negative&quot;,&quot;motion_fx_devices&quot;:[&quot;tablet&quot;,&quot;mobile&quot;],&quot;motion_fx_motion_fx_mouse&quot;:&quot;yes&quot;,&quot;motion_fx_tilt_effect&quot;:&quot;yes&quot;,&quot;_animation&quot;:&quot;none&quot;,&quot;motion_fx_rotateZ_speed&quot;:{&quot;unit&quot;:&quot;px&quot;,&quot;size&quot;:1,&quot;sizes&quot;:[]},&quot;motion_fx_rotateZ_affectedRange&quot;:{&quot;unit&quot;:&quot;%&quot;,&quot;size&quot;:&quot;&quot;,&quot;sizes&quot;:{&quot;start&quot;:0,&quot;end&quot;:100}},&quot;motion_fx_tilt_speed&quot;:{&quot;unit&quot;:&quot;px&quot;,&quot;size&quot;:4,&quot;sizes&quot;:[]}}\" data-widget_type=\"image.default\">\n\t\t\t\t<div class=\"elementor-widget-container\">\n\t\t\t\t\t\t\t\t\t\t\t\t\t\t\t<img fetchpriority=\"high\" decoding=\"async\" width=\"300\" height=\"300\" src=\"https:\/\/momem.org\/wp-content\/uploads\/2024\/10\/italo_disco_ticket-300x300.jpg\" class=\"attachment-medium size-medium wp-image-81274\" alt=\"\" srcset=\"https:\/\/momem.org\/wp-content\/uploads\/2024\/10\/italo_disco_ticket-300x300.jpg 300w, https:\/\/momem.org\/wp-content\/uploads\/2024\/10\/italo_disco_ticket-150x150.jpg 150w, https:\/\/momem.org\/wp-content\/uploads\/2024\/10\/italo_disco_ticket-12x12.jpg 12w, https:\/\/momem.org\/wp-content\/uploads\/2024\/10\/italo_disco_ticket-600x600.jpg 600w, https:\/\/momem.org\/wp-content\/uploads\/2024\/10\/italo_disco_ticket-100x100.jpg 100w, https:\/\/momem.org\/wp-content\/uploads\/2024\/10\/italo_disco_ticket.jpg 700w\" sizes=\"(max-width: 300px) 100vw, 300px\" \/>\t\t\t\t\t\t\t\t\t\t\t\t\t\t\t<\/div>\n\t\t\t\t<\/div>\n\t\t\t\t\t<\/div>\n\t\t<\/div>\n\t\t\t\t\t<\/div>\n\t\t<\/section>\n\t\t\t\t<div class=\"elementor-element elementor-element-dda5c95 elementor-mobile-align-center elementor-widget elementor-widget-button\" data-id=\"dda5c95\" data-element_type=\"widget\" data-e-type=\"widget\" data-settings=\"{&quot;sticky&quot;:&quot;bottom&quot;,&quot;sticky_on&quot;:[&quot;desktop&quot;,&quot;tablet&quot;,&quot;mobile&quot;],&quot;sticky_offset&quot;:0,&quot;sticky_effects_offset&quot;:0,&quot;sticky_anchor_link_offset&quot;:0}\" data-widget_type=\"button.default\">\n\t\t\t\t<div class=\"elementor-widget-container\">\n\t\t\t\t\t\t\t\t\t<div class=\"elementor-button-wrapper\">\n\t\t\t\t\t<a class=\"elementor-button elementor-button-link elementor-size-xl\" href=\"https:\/\/momem.org\/ausstellung-kalender\/\">\n\t\t\t\t\t\t<span class=\"elementor-button-content-wrapper\">\n\t\t\t\t\t\t\t\t\t<span class=\"elementor-button-text\">GET YOUR TICKETS!<\/span>\n\t\t\t\t\t<\/span>\n\t\t\t\t\t<\/a>\n\t\t\t\t<\/div>\n\t\t\t\t\t\t\t\t<\/div>\n\t\t\t\t<\/div>\n\t\t\t\t\t<\/div>\n\t\t<\/div>\n\t\t\t\t\t<\/div>\n\t\t<\/section>\n\t\t\t\t<\/div>\n\t\t","protected":false},"excerpt":{"rendered":"<p>+ ITALO DISCO - Never Stop Dancing! TU - SO | 1 - 7 PM | ADMISSION 8\u20ac - 12\u20ac From 11.10.2024 to 02.04.2025 you have the opportunity to dive deep into the fascinating world of Italo Disco and experience the formative influence of Italian artists on global electronic music.Italo Disco was not only a...&nbsp;<a href=\"https:\/\/momem.org\/en\/italo-disco\/\" rel=\"bookmark\">Read More \"<span class=\"screen-reader-text\">Italo Disco<\/span><\/a><\/p>","protected":false},"author":1,"featured_media":0,"parent":0,"menu_order":0,"comment_status":"closed","ping_status":"closed","template":"elementor_header_footer","meta":{"neve_meta_sidebar":"full-width","neve_meta_container":"default","neve_meta_enable_content_width":"on","neve_meta_content_width":100,"neve_meta_title_alignment":"left","neve_meta_author_avatar":"","neve_post_elements_order":"","neve_meta_disable_header":"off","neve_meta_disable_footer":"","neve_meta_disable_title":"on","footnotes":""},"class_list":["post-81844","page","type-page","status-publish","hentry"],"aioseo_notices":[],"_links":{"self":[{"href":"https:\/\/momem.org\/en\/wp-json\/wp\/v2\/pages\/81844","targetHints":{"allow":["GET"]}}],"collection":[{"href":"https:\/\/momem.org\/en\/wp-json\/wp\/v2\/pages"}],"about":[{"href":"https:\/\/momem.org\/en\/wp-json\/wp\/v2\/types\/page"}],"author":[{"embeddable":true,"href":"https:\/\/momem.org\/en\/wp-json\/wp\/v2\/users\/1"}],"replies":[{"embeddable":true,"href":"https:\/\/momem.org\/en\/wp-json\/wp\/v2\/comments?post=81844"}],"version-history":[{"count":0,"href":"https:\/\/momem.org\/en\/wp-json\/wp\/v2\/pages\/81844\/revisions"}],"wp:attachment":[{"href":"https:\/\/momem.org\/en\/wp-json\/wp\/v2\/media?parent=81844"}],"curies":[{"name":"wp","href":"https:\/\/api.w.org\/{rel}","templated":true}]}}